{"id":15785,"date":"2024-01-29T10:43:22","date_gmt":"2024-01-29T10:43:22","guid":{"rendered":"https:\/\/luxus.wplistingthemes.com\/?page_id=15785"},"modified":"2024-11-11T21:54:45","modified_gmt":"2024-11-11T21:54:45","slug":"rreth-nesh-2","status":"publish","type":"page","link":"https:\/\/luxy-property.com\/sq\/rreth-nesh-2\/","title":{"rendered":"Rreth Nesh"},"content":{"rendered":"<div data-elementor-type=\"wp-page\" data-elementor-id=\"15785\" class=\"elementor elementor-15785\">\n\t\t\t\t<div class=\"elementor-element elementor-element-4572b82 sl-parallax e-flex e-con-boxed e-con e-parent\" data-id=\"4572b82\" data-element_type=\"container\" data-e-type=\"container\" data-settings=\"{&quot;background_background&quot;:&quot;classic&quot;}\">\n\t\t\t\t\t<div class=\"e-con-inner\">\n\t\t<div class=\"elementor-element elementor-element-970ae3c e-con-full e-flex e-con e-child\" data-id=\"970ae3c\" data-element_type=\"container\" data-e-type=\"container\">\n\t\t\t\t<div class=\"elementor-element elementor-element-6bcb557 elementor-invisible elementor-widget elementor-widget-heading\" data-id=\"6bcb557\" data-element_type=\"widget\" data-e-type=\"widget\" data-settings=\"{&quot;_animation&quot;:&quot;fadeInUp&quot;}\" data-widget_type=\"heading.default\">\n\t\t\t\t<div class=\"elementor-widget-container\">\n\t\t\t\t\t<h2 class=\"elementor-heading-title elementor-size-default\">Ne Jemi <span>Luxy Property<\/span>\n<\/h2>\t\t\t\t<\/div>\n\t\t\t\t<\/div>\n\t\t\t\t<div class=\"elementor-element elementor-element-ecbeea2 elementor-widget-divider--view-line_icon elementor-view-framed elementor-widget-divider--element-align-left sl-rotate elementor-widget elementor-widget-divider\" data-id=\"ecbeea2\" data-element_type=\"widget\" data-e-type=\"widget\" data-widget_type=\"divider.default\">\n\t\t\t\t<div class=\"elementor-widget-container\">\n\t\t\t\t\t\t\t<div class=\"elementor-divider\">\n\t\t\t<div class=\"elementor-divider-separator\">\n\t\t\t\t\t\t\t<div class=\"elementor-icon elementor-divider__element\">\n\t\t\t\t\t<svg aria-hidden=\"true\" class=\"e-font-icon-svg e-fas-square\" viewbox=\"0 0 448 512\" xmlns=\"http:\/\/www.w3.org\/2000\/svg\"><path d=\"M400 32H48C21.5 32 0 53.5 0 80v352c0 26.5 21.5 48 48 48h352c26.5 0 48-21.5 48-48V80c0-26.5-21.5-48-48-48z\"><\/path><\/svg><\/div>\n\t\t\t\t\t\t<\/div>\n\t\t<\/div>\n\t\t\t\t\t\t<\/div>\n\t\t\t\t<\/div>\n\t\t\t\t<div class=\"elementor-element elementor-element-b52a506 elementor-widget elementor-widget-text-editor\" data-id=\"b52a506\" data-element_type=\"widget\" data-e-type=\"widget\" data-widget_type=\"text-editor.default\">\n\t\t\t\t<div class=\"elementor-widget-container\">\n\t\t\t\t\t\t\t\t\t<p>N\u00eb Luxy Property, ne besojm\u00eb se prona juaj \u00ebsht\u00eb m\u00eb shum\u00eb se nj\u00eb investim \u2013 ajo \u00ebsht\u00eb nj\u00eb p\u00ebrvoj\u00eb e jetes\u00ebs. E themeluar me pasionin p\u00ebr t\u00eb ofruar standarde t\u00eb larta dhe sh\u00ebrbim t\u00eb personalizuar n\u00eb industrin\u00eb e pasurive t\u00eb paluajtshme, Luxy Property \u00ebsht\u00eb k\u00ebtu p\u00ebr t'ju ndihmuar t\u00eb gjeni prona me qira, prona p\u00ebr blerje, t\u00eb shisni pron\u00ebn tuaj ose t\u00eb investoni n\u00eb prona.<\/p>\t\t\t\t\t\t\t\t<\/div>\n\t\t\t\t<\/div>\n\t\t<div class=\"elementor-element elementor-element-4fd4a62 e-flex e-con-boxed e-con e-child\" data-id=\"4fd4a62\" data-element_type=\"container\" data-e-type=\"container\">\n\t\t\t\t\t<div class=\"e-con-inner\">\n\t\t\t\t<div class=\"elementor-element elementor-element-21762fb elementor-widget__width-auto elementor-invisible elementor-widget elementor-widget-button\" data-id=\"21762fb\" data-element_type=\"widget\" data-e-type=\"widget\" data-settings=\"{&quot;_animation&quot;:&quot;fadeInUp&quot;}\" data-widget_type=\"button.default\">\n\t\t\t\t<div class=\"elementor-widget-container\">\n\t\t\t\t\t\t\t\t\t<div class=\"elementor-button-wrapper\">\n\t\t\t\t\t<a class=\"elementor-button elementor-button-link elementor-size-sm\" href=\"https:\/\/luxy-property.com\/sq\/contact-us-2\/\">\n\t\t\t\t\t\t<span class=\"elementor-button-content-wrapper\">\n\t\t\t\t\t\t\t\t\t<span class=\"elementor-button-text\">KONTAKTO TANI!<\/span>\n\t\t\t\t\t<\/span>\n\t\t\t\t\t<\/a>\n\t\t\t\t<\/div>\n\t\t\t\t\t\t\t\t<\/div>\n\t\t\t\t<\/div>\n\t\t\t\t\t<\/div>\n\t\t\t\t<\/div>\n\t\t\t\t<\/div>\n\t\t<div class=\"elementor-element elementor-element-f93c452 e-con-full elementor-hidden-tablet elementor-hidden-mobile e-flex e-con e-child\" data-id=\"f93c452\" data-element_type=\"container\" data-e-type=\"container\">\n\t\t\t\t<\/div>\n\t\t\t\t\t<\/div>\n\t\t\t\t<\/div>\n\t\t<div class=\"elementor-element elementor-element-b0cbf5f e-flex e-con-boxed e-con e-parent\" data-id=\"b0cbf5f\" data-element_type=\"container\" data-e-type=\"container\" data-settings=\"{&quot;background_background&quot;:&quot;classic&quot;}\">\n\t\t\t\t\t<div class=\"e-con-inner\">\n\t\t<div class=\"elementor-element elementor-element-b114aea e-con-full e-flex e-con e-child\" data-id=\"b114aea\" data-element_type=\"container\" data-e-type=\"container\">\n\t\t\t\t<div class=\"elementor-element elementor-element-ad7f237 elementor-widget elementor-widget-luxus-info-box\" data-id=\"ad7f237\" data-element_type=\"widget\" data-e-type=\"widget\" data-settings=\"{&quot;_animation&quot;:&quot;none&quot;}\" data-widget_type=\"luxus-info-box.default\">\n\t\t\t\t<div class=\"elementor-widget-container\">\n\t\t\t\t\t\t\t\t<div class=\"sl-info-box-container\">\n\t\t\t\n<div class=\"sl-info-box info-box-one\"> \n        \n        <div class=\"icon\">\n\n            <i aria-hidden=\"true\" class=\"sl-icons sl-target-arrow\"><\/i>\n        <\/div>\n    \n    <div class=\"content\">\n        <h2 class=\"title\">Vizioni Yn\u00eb<\/h2>\n        <p class=\"text\">Ne synojm\u00eb t\u00eb udh\u00ebheqim tregun e pasurive t\u00eb paluajtshme n\u00eb Shqip\u00ebri duke ofruar prona q\u00eb plot\u00ebsojn\u00eb \u00ebndrrat dhe k\u00ebrkesat e klient\u00ebve tan\u00eb p\u00ebr nj\u00eb jet\u00eb cil\u00ebsore dhe luksoze.<\/p>\n           \n    <\/div>\n<\/div>\t\t\t<\/div>\n    \t\t\t\t\t<\/div>\n\t\t\t\t<\/div>\n\t\t\t\t<\/div>\n\t\t<div class=\"elementor-element elementor-element-c71cabb e-con-full e-flex e-con e-child\" data-id=\"c71cabb\" data-element_type=\"container\" data-e-type=\"container\">\n\t\t\t\t<div class=\"elementor-element elementor-element-24b3809 elementor-widget elementor-widget-luxus-info-box\" data-id=\"24b3809\" data-element_type=\"widget\" data-e-type=\"widget\" data-settings=\"{&quot;_animation&quot;:&quot;none&quot;}\" data-widget_type=\"luxus-info-box.default\">\n\t\t\t\t<div class=\"elementor-widget-container\">\n\t\t\t\t\t\t\t\t<div class=\"sl-info-box-container\">\n\t\t\t\n<div class=\"sl-info-box info-box-one\"> \n        \n        <div class=\"icon\">\n\n            <i aria-hidden=\"true\" class=\"sl-icons sl-success-star\"><\/i>\n        <\/div>\n    \n    <div class=\"content\">\n        <h2 class=\"title\">Objektivat Tona<\/h2>\n        <p class=\"text\">Ne punojm\u00eb \u00e7do dit\u00eb p\u00ebr t\u00eb siguruar q\u00eb \u00e7do klient t\u00eb gjej\u00eb pron\u00ebn perfekte, duke e shoq\u00ebruar at\u00eb me nj\u00eb p\u00ebrvoj\u00eb t\u00eb personalizuar dhe mb\u00ebshtetje t\u00eb plot\u00eb n\u00eb \u00e7do hap t\u00eb rrug\u00ebs.<\/p>\n           \n    <\/div>\n<\/div>\t\t\t<\/div>\n    \t\t\t\t\t<\/div>\n\t\t\t\t<\/div>\n\t\t\t\t<\/div>\n\t\t<div class=\"elementor-element elementor-element-ba4442b e-con-full e-flex e-con e-child\" data-id=\"ba4442b\" data-element_type=\"container\" data-e-type=\"container\">\n\t\t\t\t<div class=\"elementor-element elementor-element-e4493ef elementor-widget elementor-widget-luxus-info-box\" data-id=\"e4493ef\" data-element_type=\"widget\" data-e-type=\"widget\" data-settings=\"{&quot;_animation&quot;:&quot;none&quot;}\" data-widget_type=\"luxus-info-box.default\">\n\t\t\t\t<div class=\"elementor-widget-container\">\n\t\t\t\t\t\t\t\t<div class=\"sl-info-box-container\">\n\t\t\t\n<div class=\"sl-info-box info-box-one\"> \n        \n        <div class=\"icon\">\n\n            <i aria-hidden=\"true\" class=\"sl-icons sl-love-trust\"><\/i>\n        <\/div>\n    \n    <div class=\"content\">\n        <h2 class=\"title\">Misioni Yn\u00eb<\/h2>\n        <p class=\"text\">Misioni yn\u00eb \u00ebsht\u00eb t\u00eb ofrojm\u00eb prona t\u00eb shk\u00eblqyera dhe t\u00eb krijojm\u00eb marr\u00ebdh\u00ebnie afatgjata me klient\u00ebt tan\u00eb, t\u00eb bazuara n\u00eb besim dhe angazhim.<\/p>\n           \n    <\/div>\n<\/div>\t\t\t<\/div>\n    \t\t\t\t\t<\/div>\n\t\t\t\t<\/div>\n\t\t\t\t<\/div>\n\t\t\t\t\t<\/div>\n\t\t\t\t<\/div>\n\t\t<div class=\"elementor-element elementor-element-d004f84 e-flex e-con-boxed e-con e-parent\" data-id=\"d004f84\" data-element_type=\"container\" data-e-type=\"container\" data-settings=\"{&quot;background_background&quot;:&quot;classic&quot;}\">\n\t\t\t\t\t<div class=\"e-con-inner\">\n\t\t<div class=\"elementor-element elementor-element-142d007 e-con-full e-flex elementor-invisible e-con e-child\" data-id=\"142d007\" data-element_type=\"container\" data-e-type=\"container\" data-settings=\"{&quot;animation&quot;:&quot;fadeInLeft&quot;}\">\n\t\t\t\t<div class=\"elementor-element elementor-element-db8c5c3 elementor-widget elementor-widget-heading\" data-id=\"db8c5c3\" data-element_type=\"widget\" data-e-type=\"widget\" data-widget_type=\"heading.default\">\n\t\t\t\t<div class=\"elementor-widget-container\">\n\t\t\t\t\t<h2 class=\"elementor-heading-title elementor-size-default\">Rreth Nesh<\/h2>\t\t\t\t<\/div>\n\t\t\t\t<\/div>\n\t\t\t\t<div class=\"elementor-element elementor-element-5f16f72 elementor-widget-divider--view-line_icon elementor-view-framed elementor-widget-divider--element-align-left sl-rotate elementor-widget elementor-widget-divider\" data-id=\"5f16f72\" data-element_type=\"widget\" data-e-type=\"widget\" data-widget_type=\"divider.default\">\n\t\t\t\t<div class=\"elementor-widget-container\">\n\t\t\t\t\t\t\t<div class=\"elementor-divider\">\n\t\t\t<div class=\"elementor-divider-separator\">\n\t\t\t\t\t\t\t<div class=\"elementor-icon elementor-divider__element\">\n\t\t\t\t\t<svg aria-hidden=\"true\" class=\"e-font-icon-svg e-fas-square\" viewbox=\"0 0 448 512\" xmlns=\"http:\/\/www.w3.org\/2000\/svg\"><path d=\"M400 32H48C21.5 32 0 53.5 0 80v352c0 26.5 21.5 48 48 48h352c26.5 0 48-21.5 48-48V80c0-26.5-21.5-48-48-48z\"><\/path><\/svg><\/div>\n\t\t\t\t\t\t<\/div>\n\t\t<\/div>\n\t\t\t\t\t\t<\/div>\n\t\t\t\t<\/div>\n\t\t\t\t<div class=\"elementor-element elementor-element-8a8aac1 elementor-widget elementor-widget-text-editor\" data-id=\"8a8aac1\" data-element_type=\"widget\" data-e-type=\"widget\" data-widget_type=\"text-editor.default\">\n\t\t\t\t<div class=\"elementor-widget-container\">\n\t\t\t\t\t\t\t\t\t<p>N\u00eb Luxy Property, ne besojm\u00eb se prona juaj \u00ebsht\u00eb m\u00eb shum\u00eb se nj\u00eb investim \u2013 \u00ebsht\u00eb nj\u00eb p\u00ebrvoj\u00eb jetese. E themeluar me pasionin p\u00ebr t\u00eb ofruar standarde t\u00eb larta dhe sh\u00ebrbim t\u00eb personalizuar n\u00eb industrin\u00eb e real estate, Luxy Property \u00ebsht\u00eb k\u00ebtu p\u00ebr t'ju ndihmuar t\u00eb gjeni ose shisni pron\u00ebn tuaj.<\/p><p>\u00c7do klient \u00ebsht\u00eb unik p\u00ebr ne, dhe misioni yn\u00eb \u00ebsht\u00eb t\u00eb sigurojm\u00eb q\u00eb \u00e7do transaksion t\u00eb jet\u00eb i suksessh\u00ebm, i sigurt dhe transparent. N\u00eb Luxy Property, ne nuk shesim vet\u00ebm prona \u2013 ne nd\u00ebrtojm\u00eb marr\u00ebdh\u00ebnie afatgjata t\u00eb bazuara n\u00eb besim, integritet dhe k\u00ebnaq\u00ebsi t\u00eb klient\u00ebve.<\/p><p>Me nj\u00eb portofol pronash ekskluzive dhe nj\u00eb rrjet t\u00eb gjer\u00eb partner\u00ebsh n\u00eb tregun shqiptar, jemi t\u00eb gatsh\u00ebm t\u00eb p\u00ebrmbushim \u00e7do nevoj\u00eb tuaj\u00ebn n\u00eb fush\u00ebn e pasurive t\u00eb paluajtshme. Cil\u00ebsia, profesionalizmi dhe p\u00ebrkushtimi jan\u00eb vlerat q\u00eb na udh\u00ebheqin n\u00eb \u00e7do hap t\u00eb procesit.<\/p>\t\t\t\t\t\t\t\t<\/div>\n\t\t\t\t<\/div>\n\t\t\t\t<\/div>\n\t\t<div class=\"elementor-element elementor-element-a0d0883 e-con-full e-flex elementor-invisible e-con e-child\" data-id=\"a0d0883\" data-element_type=\"container\" data-e-type=\"container\" data-settings=\"{&quot;animation&quot;:&quot;fadeInRight&quot;}\">\n\t\t\t\t<div class=\"elementor-element elementor-element-f0ac372 elementor-invisible elementor-widget elementor-widget-image\" data-id=\"f0ac372\" data-element_type=\"widget\" data-e-type=\"widget\" data-settings=\"{&quot;_animation&quot;:&quot;fadeInRight&quot;}\" data-widget_type=\"image.default\">\n\t\t\t\t<div class=\"elementor-widget-container\">\n\t\t\t\t\t\t\t\t\t\t\t\t\t\t\t<img loading=\"lazy\" decoding=\"async\" width=\"800\" height=\"600\" src=\"https:\/\/luxy-property.com\/wp-content\/uploads\/2024\/10\/Tirana.png\" class=\"attachment-full size-full wp-image-18213\" alt=\"\" srcset=\"https:\/\/luxy-property.com\/wp-content\/uploads\/2024\/10\/Tirana.png 800w, https:\/\/luxy-property.com\/wp-content\/uploads\/2024\/10\/Tirana-300x225.png 300w, https:\/\/luxy-property.com\/wp-content\/uploads\/2024\/10\/Tirana-768x576.png 768w, https:\/\/luxy-property.com\/wp-content\/uploads\/2024\/10\/Tirana-600x450.png 600w\" sizes=\"auto, (max-width: 800px) 100vw, 800px\" \/>\t\t\t\t\t\t\t\t\t\t\t\t\t\t\t<\/div>\n\t\t\t\t<\/div>\n\t\t\t\t<\/div>\n\t\t\t\t\t<\/div>\n\t\t\t\t<\/div>\n\t\t<div class=\"elementor-element elementor-element-cb29924 sl-parallax e-flex e-con-boxed e-con e-parent\" data-id=\"cb29924\" data-element_type=\"container\" data-e-type=\"container\" data-settings=\"{&quot;background_background&quot;:&quot;classic&quot;}\">\n\t\t\t\t\t<div class=\"e-con-inner\">\n\t\t<div class=\"elementor-element elementor-element-9b508fd e-con-full e-flex e-con e-child\" data-id=\"9b508fd\" data-element_type=\"container\" data-e-type=\"container\">\n\t\t<div class=\"elementor-element elementor-element-739726a e-con-full e-flex e-con e-child\" data-id=\"739726a\" data-element_type=\"container\" data-e-type=\"container\" data-settings=\"{&quot;background_background&quot;:&quot;classic&quot;}\">\n\t\t\t\t<div class=\"elementor-element elementor-element-cc8d423 elementor-widget elementor-widget-spacer\" data-id=\"cc8d423\" data-element_type=\"widget\" data-e-type=\"widget\" data-widget_type=\"spacer.default\">\n\t\t\t\t<div class=\"elementor-widget-container\">\n\t\t\t\t\t\t\t<div class=\"elementor-spacer\">\n\t\t\t<div class=\"elementor-spacer-inner\"><\/div>\n\t\t<\/div>\n\t\t\t\t\t\t<\/div>\n\t\t\t\t<\/div>\n\t\t\t\t<\/div>\n\t\t<div class=\"elementor-element elementor-element-c5da9b5 e-con-full e-flex e-con e-child\" data-id=\"c5da9b5\" data-element_type=\"container\" data-e-type=\"container\" data-settings=\"{&quot;background_background&quot;:&quot;classic&quot;}\">\n\t\t\t\t<div class=\"elementor-element elementor-element-b11bd17 elementor-widget elementor-widget-heading\" data-id=\"b11bd17\" data-element_type=\"widget\" data-e-type=\"widget\" data-widget_type=\"heading.default\">\n\t\t\t\t<div class=\"elementor-widget-container\">\n\t\t\t\t\t<h2 class=\"elementor-heading-title elementor-size-default\">Pse t\u00eb na Zgjidhni Ne?<\/h2>\t\t\t\t<\/div>\n\t\t\t\t<\/div>\n\t\t\t\t<div class=\"elementor-element elementor-element-0a8794f elementor-widget elementor-widget-text-editor\" data-id=\"0a8794f\" data-element_type=\"widget\" data-e-type=\"widget\" data-widget_type=\"text-editor.default\">\n\t\t\t\t<div class=\"elementor-widget-container\">\n\t\t\t\t\t\t\t\t\t<p>Ne ofrojm\u00eb zgjidhje t\u00eb personalizuara, prona ekskluzive dhe nj\u00eb angazhim t\u00eb plot\u00eb p\u00ebr cil\u00ebsin\u00eb. Me rrjetin ton\u00eb t\u00eb gjer\u00eb dhe ekspertiz\u00ebn n\u00eb treg, ne jemi zgjedhja ideale p\u00ebr nevojat tuaja n\u00eb sht\u00ebpi, apartamente dhe zyra, si p\u00ebr qira ashtu edhe p\u00ebr shitje.<\/p>\t\t\t\t\t\t\t\t<\/div>\n\t\t\t\t<\/div>\n\t\t\t\t<div class=\"elementor-element elementor-element-19ff810 elementor-widget__width-auto elementor-invisible elementor-widget elementor-widget-button\" data-id=\"19ff810\" data-element_type=\"widget\" data-e-type=\"widget\" data-settings=\"{&quot;_animation&quot;:&quot;fadeInUp&quot;}\" data-widget_type=\"button.default\">\n\t\t\t\t<div class=\"elementor-widget-container\">\n\t\t\t\t\t\t\t\t\t<div class=\"elementor-button-wrapper\">\n\t\t\t\t\t<a class=\"elementor-button elementor-button-link elementor-size-sm\" href=\"https:\/\/luxy-property.com\/sq\/contact-us-2\/\">\n\t\t\t\t\t\t<span class=\"elementor-button-content-wrapper\">\n\t\t\t\t\t\t\t\t\t<span class=\"elementor-button-text\">KONTAKTO TANI!<\/span>\n\t\t\t\t\t<\/span>\n\t\t\t\t\t<\/a>\n\t\t\t\t<\/div>\n\t\t\t\t\t\t\t\t<\/div>\n\t\t\t\t<\/div>\n\t\t\t\t<\/div>\n\t\t\t\t<\/div>\n\t\t\t\t\t<\/div>\n\t\t\t\t<\/div>\n\t\t<div class=\"elementor-element elementor-element-97f48cb e-con-full elementor-hidden-desktop elementor-hidden-tablet elementor-hidden-mobile e-flex e-con e-parent\" data-id=\"97f48cb\" data-element_type=\"container\" data-e-type=\"container\" data-settings=\"{&quot;background_background&quot;:&quot;classic&quot;}\">\n\t\t<div class=\"elementor-element elementor-element-6c3a95a e-flex e-con-boxed e-con e-child\" data-id=\"6c3a95a\" data-element_type=\"container\" data-e-type=\"container\">\n\t\t\t\t\t<div class=\"e-con-inner\">\n\t\t<div class=\"elementor-element elementor-element-6750473 e-con-full e-flex e-con e-child\" data-id=\"6750473\" data-element_type=\"container\" data-e-type=\"container\">\n\t\t\t\t<\/div>\n\t\t<div class=\"elementor-element elementor-element-53e196b e-con-full e-flex e-con e-child\" data-id=\"53e196b\" data-element_type=\"container\" data-e-type=\"container\">\n\t\t\t\t<div class=\"elementor-element elementor-element-101eea4 elementor-widget elementor-widget-heading\" data-id=\"101eea4\" data-element_type=\"widget\" data-e-type=\"widget\" data-widget_type=\"heading.default\">\n\t\t\t\t<div class=\"elementor-widget-container\">\n\t\t\t\t\t<h2 class=\"elementor-heading-title elementor-size-default\">Fjal\u00eb q\u00eb na b\u00ebjn\u00eb krenar\u00eb!<\/h2>\t\t\t\t<\/div>\n\t\t\t\t<\/div>\n\t\t\t\t<div class=\"elementor-element elementor-element-1f6360b elementor-widget-divider--view-line_icon elementor-view-framed elementor-widget-divider--element-align-center elementor-widget elementor-widget-divider\" data-id=\"1f6360b\" data-element_type=\"widget\" data-e-type=\"widget\" data-widget_type=\"divider.default\">\n\t\t\t\t<div class=\"elementor-widget-container\">\n\t\t\t\t\t\t\t<div class=\"elementor-divider\">\n\t\t\t<div class=\"elementor-divider-separator\">\n\t\t\t\t\t\t\t<div class=\"elementor-icon elementor-divider__element\">\n\t\t\t\t\t<svg aria-hidden=\"true\" class=\"e-font-icon-svg e-fas-square\" viewbox=\"0 0 448 512\" xmlns=\"http:\/\/www.w3.org\/2000\/svg\"><path d=\"M400 32H48C21.5 32 0 53.5 0 80v352c0 26.5 21.5 48 48 48h352c26.5 0 48-21.5 48-48V80c0-26.5-21.5-48-48-48z\"><\/path><\/svg><\/div>\n\t\t\t\t\t\t<\/div>\n\t\t<\/div>\n\t\t\t\t\t\t<\/div>\n\t\t\t\t<\/div>\n\t\t\t\t<div class=\"elementor-element elementor-element-9482ef3 elementor-widget elementor-widget-text-editor\" data-id=\"9482ef3\" data-element_type=\"widget\" data-e-type=\"widget\" data-widget_type=\"text-editor.default\">\n\t\t\t\t<div class=\"elementor-widget-container\">\n\t\t\t\t\t\t\t\t\t<p>Feedback-u juaj ka r\u00ebnd\u00ebsi! Klient\u00ebt tan\u00eb t\u00eb k\u00ebnaqur ndajn\u00eb p\u00ebrvojat e tyre, duke theksuar cil\u00ebsin\u00eb e sh\u00ebrbimit dhe ekspertiz\u00ebn e besueshme q\u00eb ofrojm\u00eb. Lejoni q\u00eb fjal\u00ebt e tyre t\u00eb udh\u00ebheqin l\u00ebvizjen tuaj t\u00eb ardhshme n\u00eb tregun e pasurive t\u00eb paluajtshme me besim.<\/p>\t\t\t\t\t\t\t\t<\/div>\n\t\t\t\t<\/div>\n\t\t\t\t<\/div>\n\t\t<div class=\"elementor-element elementor-element-d7551eb e-con-full e-flex e-con e-child\" data-id=\"d7551eb\" data-element_type=\"container\" data-e-type=\"container\">\n\t\t\t\t<\/div>\n\t\t\t\t\t<\/div>\n\t\t\t\t<\/div>\n\t\t<div class=\"elementor-element elementor-element-db22113 e-flex e-con-boxed e-con e-child\" data-id=\"db22113\" data-element_type=\"container\" data-e-type=\"container\">\n\t\t\t\t\t<div class=\"e-con-inner\">\n\t\t\t\t<div class=\"elementor-element elementor-element-a5d6bf5 elementor-widget elementor-widget-luxus-testimonial-caousel\" data-id=\"a5d6bf5\" data-element_type=\"widget\" data-e-type=\"widget\" data-widget_type=\"luxus-testimonial-caousel.default\">\n\t\t\t\t<div class=\"elementor-widget-container\">\n\t\t\t\t\t\t\t<div class=\"sl-testimonial-carousel-container\">\n\t\t\t<div class=\"luxus-carousel\" id=\"sl-testimonial-carousel-a5d6bf5\" data-slick=\"{ &quot;dots&quot;:true, &quot;arrows&quot;:true, &quot;infinite&quot;:true, &quot;autoplay&quot;:false, &quot;autoplaySpeed&quot;:10000000, &quot;centerMode&quot;:false, &quot;swipe&quot;:true }\" data-stshow=\"3\" data-stscroll=\"1\" data-cpadding=\"50px\">\n\n\t\t\t \n\t<div class=\"sl-item elementor-repeater-item-1fa0654\">\n\t\t<div class=\"review-item review-two\">\n\t\t    <div class=\"info\">\n\t\t        <img decoding=\"async\" loading=\"lazy\" class=\"img\" src=\"https:\/\/luxy-property.com\/wp-content\/uploads\/2024\/09\/LUXY-PROPERTY-1.png\" alt=\"John Doe\">\t\t        <h6 class=\"name\">John Doe<\/h6>\n\t\t        <p class=\"possition\">Klient<\/p>\n\t\t    <\/div>\n\t\t    <div class=\"content\">\n\t\t        <p class=\"text\">Lorem ipsum dolor sit amet, consectetur adipiscing elit. Sed nec pharetra arcu. Aenean auctor eu ligula vitae cursus. Quisque eu massa quis ex eleifend condimentum ac id augue. Integer rhoncus pretium lacus eget maximus. Suspendisse consequat magna quis cursus pulvinar. Morbi nec ipsum leo. Sed eu tellus eu lacus finibus aliquet.<\/p>\n\t\t    <\/div>\n\t\t    <i class=\"sl-icon sl-quote-right\"><\/i>\n\t\t<\/div>\n\t<\/div>\n\n \n\t<div class=\"sl-item elementor-repeater-item-8eb9295\">\n\t\t<div class=\"review-item review-two\">\n\t\t    <div class=\"info\">\n\t\t        <img decoding=\"async\" loading=\"lazy\" class=\"img\" src=\"https:\/\/luxy-property.com\/wp-content\/uploads\/2024\/09\/LUXY-PROPERTY-1.png\" alt=\"John Doe\">\t\t        <h6 class=\"name\">John Doe<\/h6>\n\t\t        <p class=\"possition\">Klient<\/p>\n\t\t    <\/div>\n\t\t    <div class=\"content\">\n\t\t        <p class=\"text\">Lorem ipsum dolor sit amet, consectetur adipiscing elit. Sed nec pharetra arcu. Aenean auctor eu ligula vitae cursus. Quisque eu massa quis ex eleifend condimentum ac id augue. Integer rhoncus pretium lacus eget maximus. Suspendisse consequat magna quis cursus pulvinar. Morbi nec ipsum leo. Sed eu tellus eu lacus finibus aliquet.<\/p>\n\t\t    <\/div>\n\t\t    <i class=\"sl-icon sl-quote-right\"><\/i>\n\t\t<\/div>\n\t<\/div>\n\n \n\t<div class=\"sl-item elementor-repeater-item-5108638\">\n\t\t<div class=\"review-item review-two\">\n\t\t    <div class=\"info\">\n\t\t        <img decoding=\"async\" loading=\"lazy\" class=\"img\" src=\"https:\/\/luxy-property.com\/wp-content\/uploads\/2024\/09\/LUXY-PROPERTY-1.png\" alt=\"John Doe\">\t\t        <h6 class=\"name\">John Doe<\/h6>\n\t\t        <p class=\"possition\">Klient<\/p>\n\t\t    <\/div>\n\t\t    <div class=\"content\">\n\t\t        <p class=\"text\">Lorem ipsum dolor sit amet, consectetur adipiscing elit. Sed nec pharetra arcu. Aenean auctor eu ligula vitae cursus. Quisque eu massa quis ex eleifend condimentum ac id augue. Integer rhoncus pretium lacus eget maximus. Suspendisse consequat magna quis cursus pulvinar. Morbi nec ipsum leo. Sed eu tellus eu lacus finibus aliquet.<\/p>\n\t\t    <\/div>\n\t\t    <i class=\"sl-icon sl-quote-right\"><\/i>\n\t\t<\/div>\n\t<\/div>\n\n \n\t<div class=\"sl-item elementor-repeater-item-ba98e0c\">\n\t\t<div class=\"review-item review-two\">\n\t\t    <div class=\"info\">\n\t\t        <img decoding=\"async\" loading=\"lazy\" class=\"img\" src=\"https:\/\/luxy-property.com\/wp-content\/uploads\/2024\/09\/LUXY-PROPERTY-1.png\" alt=\"John Doe\">\t\t        <h6 class=\"name\">John Doe<\/h6>\n\t\t        <p class=\"possition\">Klient<\/p>\n\t\t    <\/div>\n\t\t    <div class=\"content\">\n\t\t        <p class=\"text\">Lorem ipsum dolor sit amet, consectetur adipiscing elit. Sed nec pharetra arcu. Aenean auctor eu ligula vitae cursus. Quisque eu massa quis ex eleifend condimentum ac id augue. Integer rhoncus pretium lacus eget maximus. Suspendisse consequat magna quis cursus pulvinar. Morbi nec ipsum leo. Sed eu tellus eu lacus finibus aliquet.<\/p>\n\t\t    <\/div>\n\t\t    <i class=\"sl-icon sl-quote-right\"><\/i>\n\t\t<\/div>\n\t<\/div>\n\n\n\t\t\t<\/div>\n\t\t<\/div>\n    \t\t\t\t\t<\/div>\n\t\t\t\t<\/div>\n\t\t\t\t\t<\/div>\n\t\t\t\t<\/div>\n\t\t\t\t<\/div>\n\t\t\t\t<\/div>","protected":false},"excerpt":{"rendered":"<p>We are Luxy Property At Luxy Property, we believe your property is more than an investment \u2013 \u200b\u200bit&#8217;s a living experience. Founded with the passion to provide high standards and personalized service in the real estate industry, Luxy Property is here to help you find, sell or manage your ideal property. CONTACT NOW! Our Vision [&hellip;]<\/p>\n","protected":false},"author":1,"featured_media":0,"parent":0,"menu_order":0,"comment_status":"closed","ping_status":"closed","template":"elementor_header_footer","meta":{"nf_dc_page":"","footnotes":""},"class_list":["post-15785","page","type-page","status-publish","hentry"],"_links":{"self":[{"href":"https:\/\/luxy-property.com\/sq\/wp-json\/wp\/v2\/pages\/15785","targetHints":{"allow":["GET"]}}],"collection":[{"href":"https:\/\/luxy-property.com\/sq\/wp-json\/wp\/v2\/pages"}],"about":[{"href":"https:\/\/luxy-property.com\/sq\/wp-json\/wp\/v2\/types\/page"}],"author":[{"embeddable":true,"href":"https:\/\/luxy-property.com\/sq\/wp-json\/wp\/v2\/users\/1"}],"replies":[{"embeddable":true,"href":"https:\/\/luxy-property.com\/sq\/wp-json\/wp\/v2\/comments?post=15785"}],"version-history":[{"count":20,"href":"https:\/\/luxy-property.com\/sq\/wp-json\/wp\/v2\/pages\/15785\/revisions"}],"predecessor-version":[{"id":18759,"href":"https:\/\/luxy-property.com\/sq\/wp-json\/wp\/v2\/pages\/15785\/revisions\/18759"}],"wp:attachment":[{"href":"https:\/\/luxy-property.com\/sq\/wp-json\/wp\/v2\/media?parent=15785"}],"curies":[{"name":"wp","href":"https:\/\/api.w.org\/{rel}","templated":true}]}}